{"id":401,"date":"2018-04-18T11:14:16","date_gmt":"2018-04-18T08:14:16","guid":{"rendered":"http:\/\/csgpb.by\/it\/?page_id=401"},"modified":"2018-04-18T12:34:20","modified_gmt":"2018-04-18T09:34:20","slug":"%d1%8d%d0%bb%d0%b5%d0%ba%d1%82%d1%80%d0%be%d0%bd%d0%bd%d1%8b%d1%8f-%d0%ba%d0%be%d0%bf%d1%96%d1%96-%d0%b2%d1%8b%d0%b4%d0%b0%d0%bd%d0%bd%d1%8f%d1%9e","status":"publish","type":"page","link":"https:\/\/csgpb.by\/it\/kniga-belarusi\/%d0%b7%d0%bc%d0%b5%d1%81%d1%82\/%d1%8d%d0%bb%d0%b5%d0%ba%d1%82%d1%80%d0%be%d0%bd%d0%bd%d1%8b%d1%8f-%d0%ba%d0%be%d0%bf%d1%96%d1%96-%d0%b2%d1%8b%d0%b4%d0%b0%d0%bd%d0%bd%d1%8f%d1%9e\/","title":{"rendered":"\u042d\u043b\u0435\u043a\u0442\u0440\u043e\u043d\u043d\u044b\u044f \u043a\u043e\u043f\u0456\u0456 \u0432\u044b\u0434\u0430\u043d\u043d\u044f\u045e"},"content":{"rendered":"<p style=\"text-align: center;\"><span style=\"text-decoration: underline; font-size: 18pt; color: #cc0000;\"><strong>\u042d\u043b\u0435\u043a\u0442\u0440\u043e\u043d\u043d\u044b\u044f \u043a\u043e\u043f\u0456\u0456 \u0432\u044b\u0434\u0430\u043d\u043d\u044f\u045e<\/strong><\/span><\/p>\n<ol>\n<li style=\"text-align: justify;\"><a href=\"https:\/\/ru.calameo.com\/read\/00353968957f2cfda0506\" target=\"_blank\" rel=\"noopener\">\u0410\u0436\u044d\u0448\u043a\u0430 \u042d. \u0413\u0435\u0434\u0430\u043b\u0456. \u0412\u0456\u043b\u044c\u043d\u044f, 1907.<\/a><\/li>\n<li style=\"text-align: justify;\"><a href=\"https:\/\/ru.calameo.com\/read\/0035396898b945c397654\" target=\"_blank\" rel=\"noopener\">Arzeszka E. Gedali. Wilnia, 1907.<\/a><\/li>\n<li style=\"text-align: justify;\"><a href=\"https:\/\/ru.calameo.com\/read\/003539689f9263c546fb9\" target=\"_blank\" rel=\"noopener\">Bielaruskije pie\u015bni z notami. U 2 t. T. 1. Pb., 1910.<\/a><\/li>\n<li style=\"text-align: justify;\"><a href=\"https:\/\/ru.calameo.com\/read\/0035396896471ea0c93a9\" target=\"_blank\" rel=\"noopener\">\u0411\u0443\u043b\u044c\u0431\u0430 A. \u041a\u043e\u043b\u044c\u043a\u0456 \u0441\u043b\u043e\u045e \u0430\u0431 \u0434\u0437\u044f\u0432\u043e\u0447\u0430\u0439 \u0430\u043f\u0440\u0430\u0442\u0446\u044b \u043d\u0430 \u0411\u0435\u043b\u0430\u0440\u0443\u0441\u044c \u0412\u0456\u043b\u044c\u043d\u044f, 1911.<\/a><\/li>\n<li style=\"text-align: justify;\"><a href=\"https:\/\/ru.calameo.com\/read\/0035396891fb9182d54df\" target=\"_blank\" rel=\"noopener\">\u0417\u044f\u043c\u043a\u0435\u0432\u0456\u0447 \u0420.\u0410. \u042f\u043d \u0411\u0430\u0440\u0448\u0447\u044d\u045e\u0441\u043a\u0456 &#8212; \u043f\u0435\u0440\u0448\u044b \u0431\u0435\u043b\u0430\u0440\u0443\u0441\u043a\u0456 \u043f\u0456\u0441\u044c\u043c\u0435\u043d\u043d\u0456\u043a XIX \u0441\u0442\u0430\u043b\u0435\u0446\u0446\u044f. \u0412\u0456\u043b\u044c\u043d\u044f, 1911.<\/a><\/li>\n<li style=\"text-align: justify;\"><a href=\"https:\/\/ru.calameo.com\/read\/003539689225f55f18b69\" target=\"_blank\" rel=\"noopener\">Ziamkiewi\u0107 R. Jan Bars\u0107euski &#8212; piersy bielaruski pi\u015bmieiinik XIX staleccia. Wilnia, 1911.<\/a><\/li>\n<li style=\"text-align: justify;\"><a href=\"https:\/\/ru.calameo.com\/read\/003539689d183fb38320f\" target=\"_blank\" rel=\"noopener\">[\u041a\u0430\u0433\u0430\u043d\u0435\u0446 \u041a.]. \u0411\u0435\u043b\u0430\u0440\u0443\u0441\u043a\u0456 \u043b\u0435\u043c\u0430\u043d\u0442\u0430\u0440, \u0430\u0431\u043e \u041f\u0435\u0440\u0448\u0430\u044f \u043d\u0430\u0432\u0443\u043a\u0430 \u0447\u044b\u0442\u0430\u043d\u043d\u044f. \u041f\u0431., 1906.<\/a><\/li>\n<li style=\"text-align: justify;\"><a href=\"https:\/\/ru.calameo.com\/read\/0035396895b35272fa475\" target=\"_blank\" rel=\"noopener\">[Kahanec \u041a ]. Bielaruski lementar, abo Pierszaja nawuka czyta\u0144nia. Pb., 1906.<\/a><\/li>\n<li style=\"text-align: justify;\"><a href=\"https:\/\/ru.calameo.com\/read\/003539689006ec4ae113a\" target=\"_blank\" rel=\"noopener\">\u041a\u0443\u043f\u0430\u043b\u0430 \u042f. \u0410 \u0445\u0442\u043e \u0442\u0430\u043c \u0456\u0434\u0437\u0435? \u0412\u0456\u043b\u044c\u043d\u044f, 1910.<\/a><\/li>\n<li style=\"text-align: justify;\"><a href=\"https:\/\/ru.calameo.com\/read\/00353968987f80e7aa7f6\" target=\"_blank\" rel=\"noopener\">\u0413\u0430\u0443\u0441\u043c\u0430\u043d \u041c. \u0418\u0441\u0442\u043e\u0440\u0438\u0447\u0435\u0441\u043a\u0438\u0439 \u043e\u0447\u0435\u0440\u043a \u043c\u0435\u0441\u0442\u0435\u0447\u043a\u0430 \u0422\u0443\u0440\u043e\u0432\u0430&#8230; \u041c\u043d., 1877.<\/a><\/li>\n<li style=\"text-align: justify;\"><a href=\"https:\/\/ru.calameo.com\/read\/003539689766d1f9247b2\" target=\"_blank\" rel=\"noopener\">\u041e\u0440\u043b\u043e\u0432\u0441\u043a\u0438\u0439 \u0415.\u0424. \u041e\u0447\u0435\u0440\u043a \u0438\u0441\u0442\u043e\u0440\u0438\u0438 \u0433\u043e\u0440\u043e\u0434\u0430 \u0413\u0440\u043e\u0434\u043d\u043e&#8230; \u0413\u0440\u043e\u0434\u043d\u043e, 1890.<\/a><\/li>\n<li style=\"text-align: justify;\"><a href=\"https:\/\/ru.calameo.com\/read\/003539689393c7b774870\" target=\"_blank\" rel=\"noopener\">\u0421\u0442\u0443\u043a\u0430\u043b\u0438\u0447 \u0412.\u041a. \u041a\u0440\u0430\u0442\u043a\u0430\u044f \u0437\u0430\u043c\u0435\u0442\u043a\u0430 \u043e \u0431\u0435\u043b\u043e\u0440\u0443\u0441\u0441\u043a\u043e\u043c \u043d\u0430\u0440\u0435\u0447\u0438\u0438. \u0412\u0438\u0442\u0435\u0431\u0441\u043a, 1895.<\/a><\/li>\n<\/ol>\n","protected":false},"excerpt":{"rendered":"<p>\u042d\u043b\u0435\u043a\u0442\u0440\u043e\u043d\u043d\u044b\u044f \u043a\u043e\u043f\u0456\u0456 \u0432\u044b\u0434\u0430\u043d\u043d\u044f\u045e \u0410\u0436\u044d\u0448\u043a\u0430 \u042d. \u0413\u0435\u0434\u0430\u043b\u0456. \u0412\u0456\u043b\u044c\u043d\u044f, 1907. Arzeszka E. Gedali. Wilnia, 1907. Bielaruskije pie\u015bni z notami. U 2 t. T. 1. Pb., 1910. \u0411\u0443\u043b\u044c\u0431\u0430 A. \u041a\u043e\u043b\u044c\u043a\u0456 \u0441\u043b\u043e\u045e \u0430\u0431 \u0434\u0437\u044f\u0432\u043e\u0447\u0430\u0439 \u0430\u043f\u0440\u0430\u0442\u0446\u044b \u043d\u0430 \u0411\u0435\u043b\u0430\u0440\u0443\u0441\u044c \u0412\u0456\u043b\u044c\u043d\u044f, 1911. \u0417\u044f\u043c\u043a\u0435\u0432\u0456\u0447 \u0420.\u0410. \u042f\u043d \u0411\u0430\u0440\u0448\u0447\u044d\u045e\u0441\u043a\u0456 &#8212; \u043f\u0435\u0440\u0448\u044b \u0431\u0435\u043b\u0430\u0440\u0443\u0441\u043a\u0456 \u043f\u0456\u0441\u044c\u043c\u0435\u043d\u043d\u0456\u043a XIX \u0441\u0442\u0430\u043b\u0435\u0446\u0446\u044f. \u0412\u0456\u043b\u044c\u043d\u044f, 1911. Ziamkiewi\u0107 R. Jan Bars\u0107euski &#8212; piersy bielaruski pi\u015bmieiinik&#8230;<\/p>\n","protected":false},"author":1,"featured_media":0,"parent":374,"menu_order":0,"comment_status":"closed","ping_status":"closed","template":"","meta":[],"_links":{"self":[{"href":"https:\/\/csgpb.by\/it\/wp-json\/wp\/v2\/pages\/401"}],"collection":[{"href":"https:\/\/csgpb.by\/it\/wp-json\/wp\/v2\/pages"}],"about":[{"href":"https:\/\/csgpb.by\/it\/wp-json\/wp\/v2\/types\/page"}],"author":[{"embeddable":true,"href":"https:\/\/csgpb.by\/it\/wp-json\/wp\/v2\/users\/1"}],"replies":[{"embeddable":true,"href":"https:\/\/csgpb.by\/it\/wp-json\/wp\/v2\/comments?post=401"}],"version-history":[{"count":16,"href":"https:\/\/csgpb.by\/it\/wp-json\/wp\/v2\/pages\/401\/revisions"}],"predecessor-version":[{"id":421,"href":"https:\/\/csgpb.by\/it\/wp-json\/wp\/v2\/pages\/401\/revisions\/421"}],"up":[{"embeddable":true,"href":"https:\/\/csgpb.by\/it\/wp-json\/wp\/v2\/pages\/374"}],"wp:attachment":[{"href":"https:\/\/csgpb.by\/it\/wp-json\/wp\/v2\/media?parent=401"}],"curies":[{"name":"wp","href":"https:\/\/api.w.org\/{rel}","templated":true}]}}